{"id":3015,"date":"2021-07-03T09:03:56","date_gmt":"2021-07-03T09:03:56","guid":{"rendered":"https:\/\/shop.bytewood.it\/?page_id=3015"},"modified":"2021-07-10T16:25:14","modified_gmt":"2021-07-10T16:25:14","slug":"garanzia-12-mesi-prodotti-rigenerati-o-usati","status":"publish","type":"page","link":"https:\/\/shop.bytewood.it\/index.php\/garanzia-12-mesi-prodotti-rigenerati-o-usati\/","title":{"rendered":"Garanzia 12 Mesi (Prodotti Rigenerati o Usati)"},"content":{"rendered":"\n<p style=\"font-size:17px\">La presente garanzia commerciale (\u201cGaranzia Commerciale\u201d) \u00e8 fornita da Bytewood s.n.c. in qualit\u00e0 di distributore di prodotti di elettronica di consumo (Smartphones, Tablets, Notebooks, PC e Smartwatches) e viene erogata ai consumatori. Bytewood s.n.c. presta la propria Garanzia Commerciale, secondo i termini e condizioni definiti nel presente documento, su tutti i prodotti e\/o accessori distribuiti sul territorio italiano.&nbsp;La presente garanzia commerciale \u00e8 rilasciata da Bytewood s.n.c. volontariamente ed \u00e8 aggiuntiva rispetto ai diritti riconosciuti per legge al consumatore. tale garanzia non pregiudica la facolt\u00e0 del consumatore di esercitare verso il rivenditore, secondo quanto stabilito dal codice del consumo, i diritti relativi alla garanzia legale di un anno sui beni usati, decorrente dalla data di acquisto del prodotto.<\/p>\n\n\n\n<p style=\"font-size:17px\">Bytewood s.n.c.&nbsp;garantisce che il prodotto e i suoi accessori, in condizioni di utilizzo normale per il periodo di garanzia, sono esenti da difetti o malfunzionamenti.<\/p>\n\n\n\n<p style=\"font-size:17px\">La Garanzia verso l\u2019utente \u00e8 soggetta ai seguenti termini e condizioni:<\/p>\n\n\n\n<ol style=\"font-size:17px\"><li>Nei limiti consentiti dalle norme di legge in vigore a livello locale, la presente Garanzia Commerciale si estende per un periodo di 12 (dodici) mesi per il dispositivo, con l&#8217;esclusione specifica delle batterie.<\/li><li>Nel periodo di garanzia Bytewood s.n.c. proceder\u00e0 alla raccolta del terminale difettoso precedentemente venduto e alla riparazione \/ sostituzione del prodotto con modello analogo o di pari caratteristiche tecniche in condizioni estetiche analoghe a quelle da egli rilevate al momento del ritiro per l\u2019invio in assistenza. ll prodotto riparato o il prodotto\/componente fornito in sostituzione di quello difettoso sar\u00e0 esente da difetti di materiale o fabbricazione. La riparazione o sostituzione del prodotto potrebbe avvenire attraverso prodotti o parti di ricambio ricondizionati, senza che vi sia alcun impatto sulla funzionalit\u00e0 del prodotto riparato. Non vi sar\u00e0 alcun addebito a carico dell&#8217;acquirente del prodotto o del rispettivo destinatario (&#8220;consumatore&#8221;) per la riparazione o sostituzione del prodotto difettoso nel periodo di garanzia (ci\u00f2 vale sia per il materiale che la manodopera o quant&#8217;altro). Tutte le parti, schede o apparecchiature sostituite diventeranno di propriet\u00e0 di Bytewood s.n.c..<\/li><li>La Garanzia Commerciale relativa a un prodotto\/componente riparato o sostituito si estender\u00e0 per il periodo di garanzia rimanente del prodotto riparato o sostituito fornito al Consumatore o, in mancanza, per i successivi 3 (tre) mesi decorrenti dalla data di riparazione o sostituzione.<\/li><\/ol>\n\n\n\n<ol start=\"4\" style=\"font-size:17px\"><li>Titolarit\u00e0 della garanzia: Il cliente che ha acquistato il dispositivo \u00e8 titolare del certificato di garanzia del prodotto acquistato, che ricever\u00e0 dal rivenditore in formato cartaceo e\/o elettronico. Al momento dell\u2019accettazione del prodotto per invio in assistenza, Bytewood s.n.c. controller\u00e0 la registrazione del dispositivo e la presenza dello scontrino fiscale da egli &nbsp;effettuati in fase di vendita per verificarne la propriet\u00e0. Qualora il prodotto fosse ceduto a terzi dall\u2019 acquirente, la garanzia decadr\u00e0, poich\u00e8 nominale. In caso di apertura della pratica di assistenza da parte di terzi, sar\u00e0 sufficiente la delega e copia del documento di identit\u00e0 del titolare del certificato di garanzia.<\/li><\/ol>\n\n\n\n<ol start=\"5\" style=\"font-size:17px\"><li>Questa Garanzia non copre i danni derivanti da:<ol><li>normali segni di usura e deterioramento delle apparecchiature, posteriore alla commercializzazione (vedi punto 10)<\/li><li>difetti e danneggiamenti causati da uso improprio del dispositivo.<\/li><li>operazioni di smontaggio, riparazione, nonch\u00e9 alterazioni o modifiche, non autorizzate (vedi punto 6)<\/li><li>uso improprio, abuso, negligenza o incidenti di qualsiasi entit\u00e0 e causa.<\/li><li>difetti o danni conseguenti a operazioni di verifica, messa in funzione, installazione e manutenzione, nonch\u00e9 alterazioni o modifiche, che risultino improprie.<\/li><li>difetti o danni provocati da un eventuale spargimento di alimenti o liquidi, da fenomeni di corrosione e arrugginimento oppure dall&#8217;utilizzo di una tensione di alimentazione errata.<\/li><li>scalfitture o danni alle superfici in plastica e su tutte le altri parti esposte esternamente, dovute a un uso normale da parte del cliente. &nbsp;&nbsp;<\/li><li>danni accidentali riportati in seguito a cadute o urti che provochino direttamente o indirettamente il malfunzionamento immediato o postumo del dispositivo. Tali eventi se direttamente relazionati al malfunzionamento lamentato dal consumatore, possono, in fase di verifica tecnica dei nostri laboratori, inficiare la garanzia stessa del bene in riferimento al difetto lamentato e\/o eventuali difetti correlati futuri.<\/li><\/ol><\/li><\/ol>\n\n\n\n<p style=\"font-size:17px\">Si specifica (vedi punto 10) che i segni eventuali di urti o usura preesistenti al collaudo e alla commercializzazione del bene, non potranno in alcun caso inficiare la garanzia.<\/p>\n\n\n\n<ol start=\"6\" style=\"font-size:17px\"><li>La presente Garanzia Commerciale sar\u00e0 considerata nulla e inefficace in ognuno dei seguenti casi:<\/li><\/ol>\n\n\n\n<ol style=\"font-size:17px\"><li>Se il numero seriale \u00e8 stato rovinato o rimosso. (vedi punto 3)<\/li><li>Se uno dei termini riportati in questa Garanzia \u00e8 stato alterato o modificato in qualsiasi modo, anche a livello software, senza previa autorizzazione scritta da parte di Bytewood s.n.c..<\/li><li>Se non si \u00e8 in grado di esibire un documento comprovante l&#8217;acquisto (fatta salva l&#8217;eccezione descritta nel punto 5)<\/li><\/ol>\n\n\n\n<ol start=\"7\" style=\"font-size:17px\"><li>La presente Garanzia Commerciale \u00e8 valida solo per i componenti hardware del prodotto nello stato originale e non si applica a qualsiasi tipo di software o ad altre apparecchiature.<\/li><li>Bytewood s.n.c. invita il Consumatore ad effettuare copia e\/o backup dei propri dati presenti nel prodotto, nonch\u00e9 a rimuovere qualsiasi dato personale e disattivare eventuali password. Bytewood s.n.c. &nbsp;non \u00e8 responsabile di eventuali danni o perdite di programmi, dati o supporti di memorizzazione rimovibili sui quali non \u00e8 stato effettuato un backup dei dati.<\/li><li>Ad eccezione delle condizioni di garanzia espressamente menzionate in precedenza, Bytewood s.n.c. non riconosce alcun&#8217;altra garanzia del prodotto, espressa o implicita, derivante da statuti o da altre fonti e usi, n\u00e9 alcuna garanzia di idoneit\u00e0 per un determinato utilizzo o scopo.In rispetto a cio che le leggi locali permettono, &nbsp;Bytewood s.n.c. non sar\u00e0 ritenuta responsabile di danni dovuti al mancato utilizzo del prodotto, a inconvenienti o perdite o qualsiasi altro danno conseguente, derivanti dall&#8217;impiego del prodotto o dall&#8217;incapacit\u00e0 di saperlo utilizzare oppure dalla violazione di qualsiasi garanzia esplicita o implicita.<\/li><\/ol>\n","protected":false},"excerpt":{"rendered":"<p>La presente garanzia commerciale (\u201cGaranzia Commerciale\u201d) \u00e8 fornita da Bytewood s.n.c. in qualit\u00e0 di distributore di prodotti di elettronica di<\/p>\n","protected":false},"author":2,"featured_media":0,"parent":0,"menu_order":0,"comment_status":"closed","ping_status":"closed","template":"","meta":[],"_links":{"self":[{"href":"https:\/\/shop.bytewood.it\/index.php\/wp-json\/wp\/v2\/pages\/3015"}],"collection":[{"href":"https:\/\/shop.bytewood.it\/index.php\/wp-json\/wp\/v2\/pages"}],"about":[{"href":"https:\/\/shop.bytewood.it\/index.php\/wp-json\/wp\/v2\/types\/page"}],"author":[{"embeddable":true,"href":"https:\/\/shop.bytewood.it\/index.php\/wp-json\/wp\/v2\/users\/2"}],"replies":[{"embeddable":true,"href":"https:\/\/shop.bytewood.it\/index.php\/wp-json\/wp\/v2\/comments?post=3015"}],"version-history":[{"count":3,"href":"https:\/\/shop.bytewood.it\/index.php\/wp-json\/wp\/v2\/pages\/3015\/revisions"}],"predecessor-version":[{"id":3069,"href":"https:\/\/shop.bytewood.it\/index.php\/wp-json\/wp\/v2\/pages\/3015\/revisions\/3069"}],"wp:attachment":[{"href":"https:\/\/shop.bytewood.it\/index.php\/wp-json\/wp\/v2\/media?parent=3015"}],"curies":[{"name":"wp","href":"https:\/\/api.w.org\/{rel}","templated":true}]}}