{"id":3001,"date":"2021-07-03T08:49:42","date_gmt":"2021-07-03T08:49:42","guid":{"rendered":"https:\/\/shop.bytewood.it\/?page_id=3001"},"modified":"2021-07-10T16:24:30","modified_gmt":"2021-07-10T16:24:30","slug":"condizioni-contrattuali","status":"publish","type":"page","link":"https:\/\/shop.bytewood.it\/index.php\/condizioni-contrattuali\/","title":{"rendered":"Condizioni Contrattuali"},"content":{"rendered":"\n<p class=\"has-medium-font-size\"><strong>CONDIZIONI DI VENDITA PER IL CONSUMATORE<\/strong><br>&nbsp;<\/p>\n\n\n\n<p style=\"font-size:17px\">La societ\u00e0 Bytewood Snc iscritta al Registro Imprese (P.IVA 03681970541), (N. REA PG-306626), con sede legale in&nbsp;Via delle Querce 15\/17, 06083, Bastia Umbra, \u00e8 titolare del sito www.bytewood.it<\/p>\n\n\n\n<p style=\"font-size:17px\"><strong>Accettazione delle condizioni generali di vendita:<\/strong><\/p>\n\n\n\n<p style=\"font-size:17px\">Il contratto stipulato tra Bytewood Snc e il Cliente deve intendersi concluso con l&#8217;accettazione, anche solo parziale, dell&#8217;ordine da parte di&nbsp;Bytewood Snc. Tale accettazione si ritiene tacita, se non altrimenti comunicato con qualsiasi modalit\u00e0 al Cliente. Effettuando un ordine nelle varie modalit\u00e0 previste, il Cliente dichiara di aver preso visione di tutte le indicazioni a lui fornite durante la procedura d&#8217;acquisto, e di accettare integralmente le condizioni generali e di pagamento di seguito trascritte.<\/p>\n\n\n\n<p style=\"font-size:17px\">Se il Cliente \u00e8 un consumatore (ossia una persona fisica che acquista la merce per scopi non riferibili alla propria attivit\u00e0 professionale), una volta conclusa la procedura d&#8217;acquisto online, provveder\u00e0 a stampare o salvare copia elettronica e comunque conservare le presenti condizioni generali di vendita, nel rispetto di quanto previsto dal codice del Consumo Dlgs 205\/2006 cos\u00ec come modificato dal Dlgs 21\/2014 &nbsp;sulle vendite a distanza.<\/p>\n\n\n\n<p style=\"font-size:17px\">Viene escluso ogni diritto del Cliente a un risarcimento danni o indennizzo, nonch\u00e9 qualsiasi responsabilit\u00e0 contrattuale o extracontrattuale per danni diretti o indiretti a persone e\/o cose, provocati dalla mancata accettazione, anche parziale, di un ordine.<\/p>\n\n\n\n<p style=\"font-size:17px\"><strong>Modalit\u00e0 di acquisto:<\/strong><\/p>\n\n\n\n<p style=\"font-size:17px\">Il Cliente pu\u00f2 acquistare solo i prodotti presenti nel catalogo elettronico di Bytewood al momento dell&#8217;inoltro dell&#8217;ordine e visionabili online all&#8217;indirizzo https:\/\/www.bytewood.it, cos\u00ec come descritti nelle relative schede informative. Resta inteso che l&#8217;immagine a corredo della scheda descrittiva di un prodotto pu\u00f2 non essere perfettamente rappresentativa delle sue caratteristiche ma differire per colore, dimensioni, prodotti accessori presenti in figura. Tutte le informazioni di supporto all&#8217;acquisto (Glossario, Guida all&#8217;acquisto, ecc&#8230;) sono da intendersi come semplice materiale informativo generico, non riferibile alle reali caratteristiche di un singolo prodotto.<\/p>\n\n\n\n<p style=\"font-size:17px\">La corretta ricezione dell&#8217;ordine \u00e8 confermata da&nbsp;Bytewood Snc&nbsp;mediante una risposta via e-mail, inviata all&#8217;indirizzo di posta elettronica comunicato dal Cliente. Tale messaggio di conferma riporter\u00e0 Data e Ora di esecuzione dell&#8217;ordine e un &#8216;Numero Ordine Cliente&#8217;, da utilizzarsi in ogni ulteriore comunicazione con Bytewood. Il messaggio ripropone tutti i dati inseriti dal Cliente che si impegna a verificarne la correttezza e a comunicare tempestivamente eventuali correzioni, secondo le modalit\u00e0 descritte in questo documento.<\/p>\n\n\n\n<p style=\"font-size:17px\">Nel caso di mancata accettazione dell&#8217;ordine,&nbsp;Bytewood Snc&nbsp;garantisce tempestiva comunicazione al Cliente.<\/p>\n\n\n\n<p style=\"font-size:17px\"><br><strong>Modalit\u00e0 di pagamento:<\/strong><\/p>\n\n\n\n<p style=\"font-size:17px\"><strong>Carta di credito<\/strong><\/p>\n\n\n\n<p style=\"font-size:17px\">Nei casi di acquisto della merce con modalit\u00e0 di pagamento Carta di Credito, contestualmente alla conclusione della transazione online, l&#8217;istituto bancario di riferimento provveder\u00e0 ad autorizzare il solo impegno dell&#8217;importo relativo all&#8217;acquisto effettuato.<\/p>\n\n\n\n<p style=\"font-size:17px\">In caso di annullamento dell&#8217;ordine, sia da parte del Cliente che nel caso di mancata accettazione dello stesso da parte di&nbsp;Bytewood Snc, verr\u00e0 richiesto contestualmente da&nbsp;Bytewood Snc&nbsp;l&#8217;annullamento della transazione e lo svincolo dell&#8217;importo impegnato. I tempi di svincolo, per alcuni tipologie di carte, dipendono esclusivamente dal sistema bancario e possono arrivare fino alla loro naturale scadenza (24\u00b0 giorno dalla data di autorizzazione). Una volta effettuato l&#8217;annullamento della transazione, in nessun caso&nbsp;Bytewood Snc&nbsp;pu\u00f2 essere ritenuta responsabile per eventuali danni, diretti o indiretti, provocati da ritardo nel mancato svincolo dell&#8217;importo impegnato da parte del sistema bancario.<\/p>\n\n\n\n<p style=\"font-size:17px\">Bytewood Snc&nbsp;si riserva la facolt\u00e0 di richiedere al Cliente informazioni integrative (ad es. numero di telefono fisso) o l&#8217;invio di copia di documenti comprovanti la titolarit\u00e0 della Carta utilizzata. In mancanza della documentazione richiesta,&nbsp;Bytewood Snc&nbsp;si riserva la facolt\u00e0 di non accettare l&#8217;ordine.<\/p>\n\n\n\n<p style=\"font-size:17px\">In nessun momento della procedura di acquisto&nbsp;Bytewood Snc&nbsp;\u00e8 in grado di conoscere le informazioni relative alla carta di credito dell&#8217;acquirente, trasmesse tramite connessione protetta direttamente al sito dell&#8217;istituto bancario che gestisce la transazione. Nessun archivio informatico di&nbsp;Bytewood Snc&nbsp;conserver\u00e0 tali dati. In nessun caso&nbsp;Bytewood Snc&nbsp;pu\u00f2 quindi essere ritenuta responsabile per eventuale uso fraudolento e indebito di carte di credito da parte di terzi, all&#8217;atto del pagamento di prodotti acquisti su Bytewood.<\/p>\n\n\n\n<p style=\"font-size:17px\"><strong>Carte prepagate<\/strong><\/p>\n\n\n\n<p style=\"font-size:17px\">Nel caso di mancata accettazione dell&#8217;ordine,&nbsp;Bytewood Snc&nbsp;garantisce il rimborso integrale delle somme gi\u00e0 pagate.<\/p>\n\n\n\n<p style=\"font-size:17px\"><strong>Contrassegno<\/strong><\/p>\n\n\n\n<p style=\"font-size:17px\">In caso di acquisto in Contrassegno il pagamento dovr\u00e0 essere eseguito esclusivamente con denaro contante. La comunicazione al Cliente di quale corriere sar\u00e0 incaricato della consegna verr\u00e0 effettuata con le modalit\u00e0 previste sul sito. Nulla di pi\u00f9 di quanto indicato al momento dell&#8217;ordine sar\u00e0 dovuto da parte del Cliente.<\/p>\n\n\n\n<p style=\"font-size:17px\"><strong>Bonifico Bancario Anticipato<\/strong><\/p>\n\n\n\n<p style=\"font-size:17px\">In caso di pagamento tramite Bonifico Bancario Anticipato, quanto ordinato dal Cliente verr\u00e0 mantenuto impegnato fino al ricevimento della prova di avvenuto bonifico, da inviarsi a&nbsp;Bytewood Snc&nbsp;(e-mail) entro e non oltre 3 giorni lavorativi dalla data di accettazione dell&#8217;ordine. L&#8217;invio di quanto ordinato avverr\u00e0 solo all&#8217;atto dell&#8217;effettivo accredito della somma dovuta sul c\/c di&nbsp;Bytewood Snc&nbsp;che dovr\u00e0 avvenire entro 7 giorni lavorativi dalla data di accettazione dell&#8217;ordine. Oltrepassate tali scadenze, l&#8217;ordine verr\u00e0 ritenuto automaticamente annullato. La causale del bonifico bancario dovr\u00e0 riportare:<\/p>\n\n\n\n<p style=\"font-size:17px\">il numero di riferimento dell&#8217;ordine;<\/p>\n\n\n\n<p style=\"font-size:17px\">la data di effettuazione dell&#8217;ordine;<\/p>\n\n\n\n<p style=\"font-size:17px\">nome e cognome dell&#8217;intestatario dell&#8217;ordine.<\/p>\n\n\n\n<p style=\"font-size:17px\"><strong>Acquisti rateali<\/strong><\/p>\n\n\n\n<p style=\"font-size:17px\">Se compri con Scalapay ricevi il tuo ordine subito e paghi in 3 rate. Prendi atto che le rate verranno cedute a Incremento SPV S.r.l., a soggetti correlati e ai loro cessionari, e che autorizzi tale cessione.<\/p>\n\n\n\n<p style=\"font-size:17px\"><strong>Modalit\u00e0, tempi e spese di consegna:<\/strong><br>&nbsp;<\/p>\n\n\n\n<p style=\"font-size:17px\">Bytewood accetta ordini da tutto il territorio nazionale.<\/p>\n\n\n\n<p style=\"font-size:17px\">Bytewood spedisce in tutta Italia&nbsp;al costo di 14,90 Euro.&nbsp;Questo servizio prevede la Consegna Standard entro 72 ore lavorative mediante corriere espresso.<\/p>\n\n\n\n<p style=\"font-size:17px\">Per ogni ordine effettuato su Bytewood,&nbsp;Bytewood Snc&nbsp;emette fattura del materiale spedito, inviandola tramite e-mail all&#8217;intestatario dell&#8217;ordine, ai sensi dell&#8217;art 14 D.P.R. 445\/2000 e DL 52\/2004. Per l&#8217;emissione della fattura, fanno fede le informazioni fornite dal Cliente all&#8217;atto dell&#8217;ordine. Nessuna variazione in fattura sar\u00e0 possibile, dopo l&#8217;emissione della stessa.<\/p>\n\n\n\n<p style=\"font-size:17px\">Le spese di consegna sono a carico del cliente e sono evidenziati esplicitamente al momento dell&#8217;effettuazione dell&#8217;ordine. Il pagamento della merce da parte del Cliente avverr\u00e0 utilizzando la modalit\u00e0 scelta all&#8217;atto dell&#8217;ordine. Nulla \u00e8 dovuto in pi\u00f9 dal Cliente rispetto al totale dell&#8217;ordine.<\/p>\n\n\n\n<p style=\"font-size:17px\">Nessuna responsabilit\u00e0 pu\u00f2 essere imputata a&nbsp;Bytewood Snc&nbsp;in caso di ritardo nell&#8217;evasione dell&#8217;ordine o nella consegna di quanto ordinato.<\/p>\n\n\n\n<p style=\"font-size:17px\">Salvo esplicita indicazione da parte del nostro Servizio Clienti, la consegna si intende a piano strada. Al momento della consegna della merce da parte del corriere, il Cliente \u00e8 tenuto a controllare:<\/p>\n\n\n\n<p style=\"font-size:17px\">che il numero dei colli in consegna corrisponda a quanto indicato nel documento di trasporto ;<\/p>\n\n\n\n<p style=\"font-size:17px\">che l&#8217;imballo risulti integro, non danneggiato, n\u00e9 bagnato o comunque alterato, anche nei materiali di chiusura (nastro adesivo o reggette metalliche).<\/p>\n\n\n\n<p style=\"font-size:17px\">Eventuali danni all&#8217;imballo e\/o al prodotto o la mancata corrispondenza del numero dei colli o delle indicazioni, devono essere immediatamente contestati, apponendo RISERVA DI CONTROLLO SCRITTA sulla prova di consegna del corriere.&nbsp;<strong>Una volta firmato il documento del corriere, il Cliente non potr\u00e0 opporre alcuna contestazione circa le caratteristiche esteriori di quanto consegnato.<\/strong><\/p>\n\n\n\n<p style=\"font-size:17px\">Eventuali problemi inerenti l&#8217;integrit\u00e0 fisica, la corrispondenza o la completezza dei prodotti ricevuti devono essere segnalati entro 2 giorni dalla avvenuta consegna, secondo le modalit\u00e0 previste nel presente documento<\/p>\n\n\n\n<p style=\"font-size:17px\">Nel caso di mancato ritiro entro 5 giorni lavorativi del materiale presente in giacenza presso i magazzini del corriere a causa di reiterata impossibilit\u00e0 di consegna al recapito indicato dal Cliente all&#8217;atto dell&#8217;ordine, l&#8217;ordine verr\u00e0 automaticamente annullato.<br><br>Per assicurare un servizio celere, Bytewood ha stipulato degli accordi con il corriere GLS, che ci consente di offrire consegne nei tempi stimati nel 98% dei casi. Per garantire un buon funzionamento del sistema di consegne \u00e8 utile che, all&#8217;indirizzo indicato per la consegna, sia presente qualcuno, in orario di ufficio nel pomeriggio prevalentemente, che possa ritirare il plico.<\/p>\n\n\n\n<p style=\"font-size:17px\"><br><strong>Prezzi:<\/strong><br><br>Tutti i prezzi sia in fase di acquisto che in fase di vendita sono risultato di rilevazione di mercato.<br><br><strong>Diritto di recesso:<\/strong><br>&nbsp;<\/p>\n\n\n\n<p style=\"font-size:17px\">Ai sensi dell\u2019art. 54 del codice del Consumo Dlgs 205\/2006 cos\u00ec come modificato dal Dlgs 21\/2014, , se il cliente \u00e8 un consumatore (ossia una persona fisica che acquista la merce per scopi non riferibili alla propria attivit\u00e0 professionale, ovvero non effettua l&#8217;acquisto indicando nel modulo d&#8217;ordine a Bytewood un riferimento di Partita IVA), ha diritto a recedere dal contratto di acquisto per qualsiasi motivo, senza necessit\u00e0 di fornire spiegazioni e senza alcuna penalit\u00e0, di seguito indicato.<\/p>\n\n\n\n<p style=\"font-size:17px\">Per esercitare tale diritto, il cliente dovr\u00e0 inviare a Bytewood una comunicazione in tal senso, entro 14 giorni lavorativi dalla data di ricevimento della merce.<br><br>La comunicazione deve avvenire sotto forma di questo modulo compilato e firmato (se spedito in versione cartacea con lettera raccomandata), che \u00e8 possibile <strong><a href=\"https:\/\/shop.bytewood.it\/wp-content\/uploads\/2021\/07\/modulo_recesso.pdf\" target=\"_blank\" rel=\"noreferrer noopener\" data-type=\"URL\">scaricare&nbsp;qui<\/a>.<\/strong><\/p>\n\n\n\n<p style=\"font-size:17px\">Tale comunicazione potr\u00e0 essere inviata a mezzo email ad&nbsp;<a href=\"mailto:info@trendevice.com\">info@Bytewood.<\/a>it&nbsp;o a mezzo pec all&#8217;indirizzo&nbsp;bytewoodsnc@pec.it&nbsp;o con lettera raccomandata con avviso di ricevimento, indirizzata a:<\/p>\n\n\n\n<p style=\"font-size:17px\">Bytewood Snc<br>Via delle querce , 15\/17<br>06083 Bastia Umbra (PG)<\/p>\n\n\n\n<p style=\"font-size:17px\">Una volta pervenutaci la suddetta comunicazione di recesso, il Servizio Clienti Bytewood provveder\u00e0 entro 24 ore&nbsp;a comunicare al cliente le istruzioni sulla modalit\u00e0 di restituzione della merce che dovr\u00e0 pervenire a&nbsp;Bytewood Snc&nbsp;entro 14 giorni dall&#8217;autorizzazione.<\/p>\n\n\n\n<p style=\"font-size:17px\">Il diritto di recesso \u00e8 comunque sottoposto alle seguenti condizioni:<br>&nbsp;<\/p>\n\n\n\n<p style=\"font-size:17px\">1. il diritto si applica al prodotto acquistato nella sua interezza; non \u00e8 possibile esercitare recesso solamente su parte del prodotto acquistato (es.: accessori, software allegati, ecc&#8230;);<\/p>\n\n\n\n<p style=\"font-size:17px\">2.&nbsp;il diritto non si applica ai prodotti audiovisivi o a software informatici sigillati (compresi quelli allegati a materiale hardware), una volta aperti;<\/p>\n\n\n\n<p style=\"font-size:17px\">3. il bene acquistato dovr\u00e0 essere integro e restituito nella confezione originale, completa in tutte le sue parti (compresi imballo ed eventuale documentazione e dotazione accessoria: manuali, cavi, ecc&#8230;); per limitare danneggiamenti alla confezione originale, raccomandiamo, quando possibile, di inserirla in una seconda scatola, sulla quale apporre l&#8217;etichetta fornita da&nbsp;Bytewood Snc, riportante il numero di RMA (codice di autorizzazione al rientro); va evitata in tutti i casi l&#8217;apposizione di etichette o nastri adesivi direttamente sulla confezione originale del prodotto;<\/p>\n\n\n\n<p style=\"font-size:17px\">4.&nbsp;a norma di legge, le spese di spedizione relative alla restituzione del bene sono a carico del cliente;<\/p>\n\n\n\n<p style=\"font-size:17px\">5.&nbsp;la spedizione, fino all&#8217;attestato di avvenuto ricevimento nel nostro magazzino, \u00e8 sotto la completa responsabilit\u00e0 del cliente;<\/p>\n\n\n\n<p style=\"font-size:17px\">6.&nbsp;in caso di danneggiamento del bene durante il trasporto, Bytewood dar\u00e0 comunicazione al cliente dell&#8217;accaduto (entro 5 giorni lavorativi dal ricevimento del bene nei propri magazzini), per consentirgli di sporgere tempestivamente denuncia nei confronti del corriere da lui scelto e ottenere il rimborso del valore del bene (se assicurato); in questa eventualit\u00e0, il prodotto sar\u00e0 messo a disposizione del cliente per la sua restituzione, contemporaneamente annullando la richiesta di recesso;<\/p>\n\n\n\n<p style=\"font-size:17px\">7.&nbsp;Bytewood Snc&nbsp;non risponde in nessun modo per danneggiamenti o furto\/smarrimento di beni restituiti con spedizioni non assicurate;<\/p>\n\n\n\n<p style=\"font-size:17px\">al suo arrivo in magazzino, il prodotto sar\u00e0 esaminato per valutare eventuali danni o manomissioni non derivanti dal trasporto. Qualora la confezione e\/o l&#8217;imballo originale risultino rovinati,&nbsp;Bytewood Snc&nbsp;provveder\u00e0 a trattenere dal rimborso dovuto una percentuale, comunque non superiore al 10% dello stesso, quale contributo alle spese di ripristino;<\/p>\n\n\n\n<p style=\"font-size:17px\">8.&nbsp;fatte salve eventuali spese di ripristino per danni accertati all&#8217;imballo originale,&nbsp;Bytewood Snc&nbsp;provveder\u00e0 a rimborsare al cliente l&#8217;intero importo gi\u00e0 pagato, entro 14 giorni dal rientro della merce, tramite procedura di storno dell&#8217;importo addebitato sulla Carta di Credito, a mezzo Bonifico Bancario oppure altra modalit\u00e0 indicata dal consumatore. In quest&#8217;ultimo caso, sar\u00e0 cura del cliente fornire tempestivamente le coordinate bancarie sulle quali ottenere il rimborso (IBAN) o altri dati utili a questo fine;<\/p>\n\n\n\n<p style=\"font-size:17px\">9.&nbsp;il diritto di recesso decade totalmente, per mancanza della condizione essenziale di integrit\u00e0 del bene (confezione e\/o suo contenuto), nei casi in cui&nbsp;Bytewood Snc&nbsp;accerti:<\/p>\n\n\n\n<p style=\"font-size:17px\">&#8211; per dispositivi bloccati dal contatto iCloud inserito dal cliente al momento dell&#8217;acquisto.&nbsp;<\/p>\n\n\n\n<p style=\"font-size:17px\">&#8211; la mancanza della confezione esterna e\/o dell&#8217;imballo interno originale;<\/p>\n\n\n\n<p style=\"font-size:17px\">&#8211; l&#8217;assenza di elementi integranti del prodotto (accessori, cavi, manuali, parti, &#8230;);<\/p>\n\n\n\n<p style=\"font-size:17px\">&#8211; il danneggiamento del prodotto per cause diverse dal suo trasporto.<\/p>\n\n\n\n<p style=\"font-size:17px\">10. nel caso di decadenza del diritto di recesso,&nbsp;Bytewood Snc&nbsp;provveder\u00e0 a restituire al mittente il bene acquistato, addebitando allo stesso le spese di spedizione.<br>&nbsp;<\/p>\n\n\n\n<p style=\"font-size:17px\">Indirizzo di spedizione per i tuoi resi:<br><br>Bytewood Snc<\/p>\n\n\n\n<p style=\"font-size:17px\">Via delle querce, 15\/17<br>06083 Bastia Umbra (PG)<\/p>\n\n\n\n<p style=\"font-size:17px\"><strong>Garanzia 12 mesi Bytewood:<\/strong><br>&nbsp;<\/p>\n\n\n\n<p style=\"font-size:17px\">Tutti i prodotti venduti da Bytewood sono coperti dalla garanzia di 12 mesi per i difetti di conformit\u00e0, ai sensi del Cod Consumo 206\/2005. Per fruire dell&#8217;assistenza in garanzia, il Cliente dovr\u00e0 conservare la fattura o l&#8217;email di conferma ordine (o il DDT) che ricever\u00e0 via e-mail in formato elettronico PDF.<\/p>\n\n\n\n<p style=\"font-size:17px\">Tale garanzia \u00e8 riservata al Consumatore privato (persona fisica che acquista la merce per scopi non riferibili alla propria attivit\u00e0 professionale, ovvero effettua l&#8217;acquisto senza indicare nel modulo d&#8217;ordine un riferimento di Partita IVA). Per tutti i clienti che non classificabili come consumatori privati, la garanzia ha una limitazione a 6 mesi.<\/p>\n\n\n\n<p style=\"font-size:17px\">In caso di difetti di conformit\u00e0,&nbsp;Bytewood Snc&nbsp;provvede, senza spese per il Cliente, al ripristino della conformit\u00e0 del prodotto mediante riparazione\/sostituzione, fino alla risoluzione del contratto. Se, a seguito di verifica interna, il vizio non dovesse risultare un difetto di conformit\u00e0 ai sensi del Cod Consumo 206\/2005, al Cliente saranno addebitati gli eventuali costi di verifica e ripristino (stimabili in euro 20), nonch\u00e9 i costi di trasporto, se sostenuti da&nbsp;Bytewood Snc.<\/p>\n\n\n\n<p style=\"font-size:17px\">Le sostituzioni in caso di DOA (Dead On Arrival: prodotto non funzionante alla consegna) sono completamente gratuite.<br>&nbsp;<\/p>\n\n\n\n<p style=\"font-size:17px\">Nel caso in cui, per qualsiasi ragione, non fosse in grado di rendere al proprio cliente un prodotto in garanzia (ripristinato o sostituito),&nbsp;Bytewood Snc&nbsp;potr\u00e0 procedere a propria discrezione (entro un massimo di 30 giorni) alla sostituzione con un prodotto di caratteristiche tecniche pari o superiori al prodotto originario e di grado pari o superiori alle caratteristiche estetiche riscontrate al rientro in sede del prodotto.<br>&nbsp;<\/p>\n\n\n\n<p style=\"font-size:17px\">Nessun danno pu\u00f2 essere richiesto a&nbsp;Bytewood Snc&nbsp;per eventuali ritardi nell&#8217;effettuazione di riparazioni o sostituzioni.<br>&nbsp;<\/p>\n\n\n\n<p style=\"font-size:17px\">Nei casi in cui l&#8217;applicazione delle garanzie preveda la restituzione del prodotto, il bene dovr\u00e0 essere restituito dal Cliente nella confezione originariamente fornita dal venditore. Qualora il cliente non fosse pi\u00f9 in possesso dell&#8217;imballo originale, dovr\u00e0 a sua cura provvedere ad imballare il dispositivo in modo da fornire un&#8217;adeguata protezione da urti e danneggiamenti.<br><br>Bytewood Snc&nbsp;non potr\u00e0 essere ritenuta responsabile di eventuali danni dovuti al trasporto in imballo diverso da quello originale (scatola originale Apple oppure scatola a marchio Bytewood).<br><br>La spedizione di device verso il centro logistico di&nbsp;Bytewood Snc&nbsp;\u00e8 intesa a carico del cliente.<br>&nbsp;<\/p>\n\n\n\n<p style=\"font-size:17px\">In merito all\u2019acquisto di beni usati l&#8217;acquirente prende atto che gli stessi possono presentare i limiti prestazionali ed i difetti funzionali e\/o strutturali connessi al pregresso utilizzo. Le parti concordano che la garanzia abbia la durata di 1&nbsp;anno&nbsp;decorrente dalla data di acquisto. &nbsp;Al consumatore acquirente , in caso di difetto di conformit\u00e0,&nbsp;spetta il diritto al ripristino, senza spese, della conformit\u00e0 del bene mediante riparazione o sostituzione, a norma dei commi 3, 4, 5 e 6 dell\u2019art. 130 cod.cons ovvero ad una riduzione adeguata del prezzo o alla risoluzione del contratto, conformemente ai commi 7, 8 e 9 dell\u2019art. 130 cod cons Il consumatore decade dai diritti previsti dall\u2019articolo 130, comma 2, se non denuncia al venditore il difetto di conformit\u00e0 entro il termine di due mesi dalla data in cui ha scoperto il difetto. Il compratore decade immediatamente dalla garanzia sul bene qualora, senza la preventiva autorizzazione scritta della&nbsp;&nbsp;Bytewood Snc&nbsp;abbia operato sullo stesso direttamente e\/o richiesto a terzi montaggi e\/o smontaggi e\/o sostituzioni di parti.<\/p>\n\n\n\n<p style=\"font-size:17px\">La parte acquirente prende atto dello stato del bene acquistato e di eventuali suoi difetti sottoscrivendo, insieme con la societ\u00e0 venditrice, &nbsp;specifico modulo attestante lo stato d\u2019uso del bene con espressa accettazione delle condizioni dello stesso.<\/p>\n\n\n\n<p style=\"font-size:17px\">Il cliente prende atto e accetta espressamente che, qualora la vendita del Device usato non vada a buon fine per non conformit\u00e0 del device alla descrizione effettuata (colore di diverso tipo rispetto all&#8217;ordine ecc), il venditore ritirer\u00e0 il prodotto usato presso l&#8217;indirizzo indicato dal Cliente a proprie spese.<\/p>\n\n\n\n<p style=\"font-size:17px\">Nel caso in cui il device dovesse presentare malfunzionamenti&nbsp;non&nbsp;indicati dal cliente, dopo un&#8217; accurata verifica nei nostri laboratori, o dovesse risultare NON in garanzia per danni accidentali, la merce verr\u00e0 rispedita al costo di euro 20,00, spese che verranno addebitate alla consegna al cliente stesso.<\/p>\n\n\n\n<p style=\"font-size:17px\">Il cliente esonera&nbsp;Bytewood Snc&nbsp;da qualsiasi responsabilit\u00e0 relativamente ai danni causati da manomissione, incuria, dolo durante la spedizione del Device, dal Cliente alla&nbsp;Bytewood Snc&nbsp;e dalla&nbsp;Bytewood Snc&nbsp;al cliente.<br><br><strong>Assistenza<\/strong><strong>:<\/strong><\/p>\n\n\n\n<p style=\"font-size:17px\"><br>Bytewood mette a disposizione due strumenti per permettere al cliente di aprire una assistenza:<br><br>EMAIL:<br>Il cliente potr\u00e0 inviare un&#8217;email ai seguenti indirizzi: info@bytewood.it o&nbsp;commerciale@bytewood.it dove potr\u00e0 richiedere assistenza per qualunque casistica e avr\u00e0 prontamente risposta da un addetto customercare per risolvere il problema e ricevere la giusta assistenza.<br><br><br>Risposta per supporto alla spedizione:<br>Al cliente al momento dell&#8217;acquisto verr\u00e0 fornito un tracking number per tracciare la spedizione che sar\u00e0 attivo dopo 24 h. Tale spedizione prevede un&#8217;assicurazione dell&#8217;intero importo del dispositivo che opera in caso di furto, smarrimento, danneggiamento imputabile al corriere.<\/p>\n","protected":false},"excerpt":{"rendered":"<p>CONDIZIONI DI VENDITA PER IL CONSUMATORE&nbsp; La societ\u00e0 Bytewood Snc iscritta al Registro Imprese (P.IVA 03681970541), (N. REA PG-306626), con<\/p>\n","protected":false},"author":2,"featured_media":0,"parent":0,"menu_order":0,"comment_status":"closed","ping_status":"closed","template":"","meta":[],"_links":{"self":[{"href":"https:\/\/shop.bytewood.it\/index.php\/wp-json\/wp\/v2\/pages\/3001"}],"collection":[{"href":"https:\/\/shop.bytewood.it\/index.php\/wp-json\/wp\/v2\/pages"}],"about":[{"href":"https:\/\/shop.bytewood.it\/index.php\/wp-json\/wp\/v2\/types\/page"}],"author":[{"embeddable":true,"href":"https:\/\/shop.bytewood.it\/index.php\/wp-json\/wp\/v2\/users\/2"}],"replies":[{"embeddable":true,"href":"https:\/\/shop.bytewood.it\/index.php\/wp-json\/wp\/v2\/comments?post=3001"}],"version-history":[{"count":12,"href":"https:\/\/shop.bytewood.it\/index.php\/wp-json\/wp\/v2\/pages\/3001\/revisions"}],"predecessor-version":[{"id":3080,"href":"https:\/\/shop.bytewood.it\/index.php\/wp-json\/wp\/v2\/pages\/3001\/revisions\/3080"}],"wp:attachment":[{"href":"https:\/\/shop.bytewood.it\/index.php\/wp-json\/wp\/v2\/media?parent=3001"}],"curies":[{"name":"wp","href":"https:\/\/api.w.org\/{rel}","templated":true}]}}